{"id":34,"date":"2024-02-21T10:31:19","date_gmt":"2024-02-21T10:31:19","guid":{"rendered":"https:\/\/taiphuckien.com.vn\/?page_id=34"},"modified":"2025-07-05T03:43:51","modified_gmt":"2025-07-05T03:43:51","slug":"du-an","status":"publish","type":"page","link":"https:\/\/quangcaotaiphuckien.com\/index.php\/du-an\/","title":{"rendered":"D\u1ef1 \u00e1n ti\u00eau bi\u1ec3u"},"content":{"rendered":"\n<div class=\"wp-block-group\"><div class=\"wp-block-group__inner-container is-layout-constrained wp-block-group-is-layout-constrained\">\n<figure class=\"wp-block-pullquote\"><blockquote><p><strong>ILA VIET NAM<\/strong><\/p><cite><strong>M\u1eb6T D\u1ef0NG CNC TRUNG T\u00c2M ANH NG\u1eee ILA<\/strong><\/cite><\/blockquote><\/figure>\n<\/div><\/div>\n\n\n\n<figure class=\"wp-block-gallery has-nested-images columns-default is-cropped wp-block-gallery-1 is-layout-flex wp-block-gallery-is-layout-flex\">\n<figure class=\"wp-block-image size-large\"><img fetchpriority=\"high\" decoding=\"async\" width=\"1024\" height=\"768\" data-id=\"145\" src=\"https:\/\/quangcaotaiphuckien.com\/wp-content\/uploads\/2024\/02\/z5180004873587_c2734cf885bc1dc5558b159d3de2f46c-3-1024x768.jpg\" alt=\"\" class=\"wp-image-145\" srcset=\"https:\/\/quangcaotaiphuckien.com\/wp-content\/uploads\/2024\/02\/z5180004873587_c2734cf885bc1dc5558b159d3de2f46c-3-1024x768.jpg 1024w, https:\/\/quangcaotaiphuckien.com\/wp-content\/uploads\/2024\/02\/z5180004873587_c2734cf885bc1dc5558b159d3de2f46c-3-300x225.jpg 300w, https:\/\/quangcaotaiphuckien.com\/wp-content\/uploads\/2024\/02\/z5180004873587_c2734cf885bc1dc5558b159d3de2f46c-3-768x576.jpg 768w, https:\/\/quangcaotaiphuckien.com\/wp-content\/uploads\/2024\/02\/z5180004873587_c2734cf885bc1dc5558b159d3de2f46c-3.jpg 1280w\" sizes=\"(max-width: 1024px) 100vw, 1024px\" \/><\/figure>\n\n\n\n<figure class=\"wp-block-image size-large\"><img decoding=\"async\" width=\"768\" height=\"1024\" data-id=\"146\" src=\"https:\/\/quangcaotaiphuckien.com\/wp-content\/uploads\/2024\/02\/z5180004873462_ce6bd4bc5dc77c26c5af68f2370490bd-3-768x1024.jpg\" alt=\"\" class=\"wp-image-146\" srcset=\"https:\/\/quangcaotaiphuckien.com\/wp-content\/uploads\/2024\/02\/z5180004873462_ce6bd4bc5dc77c26c5af68f2370490bd-3-768x1024.jpg 768w, https:\/\/quangcaotaiphuckien.com\/wp-content\/uploads\/2024\/02\/z5180004873462_ce6bd4bc5dc77c26c5af68f2370490bd-3-225x300.jpg 225w, https:\/\/quangcaotaiphuckien.com\/wp-content\/uploads\/2024\/02\/z5180004873462_ce6bd4bc5dc77c26c5af68f2370490bd-3.jpg 960w\" sizes=\"(max-width: 768px) 100vw, 768px\" \/><\/figure>\n\n\n\n<figure class=\"wp-block-image size-large\"><img decoding=\"async\" width=\"768\" height=\"1024\" data-id=\"147\" src=\"https:\/\/quangcaotaiphuckien.com\/wp-content\/uploads\/2024\/02\/z5180004869117_315fd94dcbf2794d3bfc37b397e7557d-3-768x1024.jpg\" alt=\"\" class=\"wp-image-147\" srcset=\"https:\/\/quangcaotaiphuckien.com\/wp-content\/uploads\/2024\/02\/z5180004869117_315fd94dcbf2794d3bfc37b397e7557d-3-768x1024.jpg 768w, https:\/\/quangcaotaiphuckien.com\/wp-content\/uploads\/2024\/02\/z5180004869117_315fd94dcbf2794d3bfc37b397e7557d-3-225x300.jpg 225w, https:\/\/quangcaotaiphuckien.com\/wp-content\/uploads\/2024\/02\/z5180004869117_315fd94dcbf2794d3bfc37b397e7557d-3.jpg 960w\" sizes=\"(max-width: 768px) 100vw, 768px\" \/><\/figure>\n\n\n\n<figure class=\"wp-block-image size-large\"><img loading=\"lazy\" decoding=\"async\" width=\"768\" height=\"1024\" data-id=\"226\" src=\"https:\/\/quangcaotaiphuckien.com\/wp-content\/uploads\/2024\/05\/z5441968087861_d33ee56b5644427a753f3b3c6b500657-768x1024.jpg\" alt=\"\" class=\"wp-image-226\" srcset=\"https:\/\/quangcaotaiphuckien.com\/wp-content\/uploads\/2024\/05\/z5441968087861_d33ee56b5644427a753f3b3c6b500657-768x1024.jpg 768w, https:\/\/quangcaotaiphuckien.com\/wp-content\/uploads\/2024\/05\/z5441968087861_d33ee56b5644427a753f3b3c6b500657-225x300.jpg 225w, https:\/\/quangcaotaiphuckien.com\/wp-content\/uploads\/2024\/05\/z5441968087861_d33ee56b5644427a753f3b3c6b500657.jpg 960w\" sizes=\"(max-width: 768px) 100vw, 768px\" \/><\/figure>\n<\/figure>\n\n\n\n<figure class=\"wp-block-gallery has-nested-images columns-default is-cropped wp-block-gallery-2 is-layout-flex wp-block-gallery-is-layout-flex\"><\/figure>\n\n\n\n<figure class=\"wp-block-pullquote\"><blockquote><p><strong>HO\u00c0 B\u00ccNH OFFICE<\/strong><\/p><cite><strong>LAM CH\u1eaeN N\u1eaeNG<\/strong><\/cite><\/blockquote><\/figure>\n\n\n\n<p><\/p>\n\n\n\n<figure class=\"wp-block-gallery has-nested-images columns-default is-cropped wp-block-gallery-3 is-layout-flex wp-block-gallery-is-layout-flex\">\n<figure class=\"wp-block-image size-large\"><img loading=\"lazy\" decoding=\"async\" width=\"768\" height=\"1024\" data-id=\"117\" src=\"https:\/\/quangcaotaiphuckien.com\/wp-content\/uploads\/2024\/02\/z5180004892339_cd7e637170bc9312b0c2ca8abcd807d8-3-768x1024.jpg\" alt=\"\" class=\"wp-image-117\" srcset=\"https:\/\/quangcaotaiphuckien.com\/wp-content\/uploads\/2024\/02\/z5180004892339_cd7e637170bc9312b0c2ca8abcd807d8-3-768x1024.jpg 768w, https:\/\/quangcaotaiphuckien.com\/wp-content\/uploads\/2024\/02\/z5180004892339_cd7e637170bc9312b0c2ca8abcd807d8-3-225x300.jpg 225w, https:\/\/quangcaotaiphuckien.com\/wp-content\/uploads\/2024\/02\/z5180004892339_cd7e637170bc9312b0c2ca8abcd807d8-3.jpg 960w\" sizes=\"(max-width: 768px) 100vw, 768px\" \/><\/figure>\n\n\n\n<figure class=\"wp-block-image size-large\"><img loading=\"lazy\" decoding=\"async\" width=\"768\" height=\"1024\" data-id=\"118\" src=\"https:\/\/quangcaotaiphuckien.com\/wp-content\/uploads\/2024\/02\/z5180004883743_3f84f48745fc79193c5c8a6b215ae2f8-2-768x1024.jpg\" alt=\"\" class=\"wp-image-118\" srcset=\"https:\/\/quangcaotaiphuckien.com\/wp-content\/uploads\/2024\/02\/z5180004883743_3f84f48745fc79193c5c8a6b215ae2f8-2-768x1024.jpg 768w, https:\/\/quangcaotaiphuckien.com\/wp-content\/uploads\/2024\/02\/z5180004883743_3f84f48745fc79193c5c8a6b215ae2f8-2-225x300.jpg 225w, https:\/\/quangcaotaiphuckien.com\/wp-content\/uploads\/2024\/02\/z5180004883743_3f84f48745fc79193c5c8a6b215ae2f8-2.jpg 960w\" sizes=\"(max-width: 768px) 100vw, 768px\" \/><\/figure>\n<\/figure>\n\n\n\n<figure class=\"wp-block-pullquote\"><blockquote><p><strong>AMERICAN LEARNING LAB HCM<\/strong><\/p><cite><strong>M\u1eb6T D\u1ef0NG QU\u1ea2NG C\u00c1O TRUNG T\u00c2M AMERICAN LAB HCM<\/strong><\/cite><\/blockquote><\/figure>\n\n\n\n<figure class=\"wp-block-gallery has-nested-images columns-default is-cropped wp-block-gallery-4 is-layout-flex wp-block-gallery-is-layout-flex\">\n<figure class=\"wp-block-image size-large\"><img loading=\"lazy\" decoding=\"async\" width=\"1024\" height=\"768\" data-id=\"127\" src=\"https:\/\/quangcaotaiphuckien.com\/wp-content\/uploads\/2024\/02\/z5180004865031_e831ea625f823c7cf2e3e32df05e72e2-3-1024x768.jpg\" alt=\"\" class=\"wp-image-127\" srcset=\"https:\/\/quangcaotaiphuckien.com\/wp-content\/uploads\/2024\/02\/z5180004865031_e831ea625f823c7cf2e3e32df05e72e2-3-1024x768.jpg 1024w, https:\/\/quangcaotaiphuckien.com\/wp-content\/uploads\/2024\/02\/z5180004865031_e831ea625f823c7cf2e3e32df05e72e2-3-300x225.jpg 300w, https:\/\/quangcaotaiphuckien.com\/wp-content\/uploads\/2024\/02\/z5180004865031_e831ea625f823c7cf2e3e32df05e72e2-3-768x576.jpg 768w, https:\/\/quangcaotaiphuckien.com\/wp-content\/uploads\/2024\/02\/z5180004865031_e831ea625f823c7cf2e3e32df05e72e2-3.jpg 1080w\" sizes=\"(max-width: 1024px) 100vw, 1024px\" \/><figcaption class=\"wp-element-caption\"><strong>AMERICAN LEARNING LAB HCM<\/strong><\/figcaption><\/figure>\n<\/figure>\n\n\n\n<figure class=\"wp-block-pullquote\"><blockquote><p><strong>T\u1ea4M \u1ed0P NH\u00d4M 2LY C\u1ea6U N\u1ed0I CELESTA RISE<\/strong><\/p><cite><strong>THI C\u00d4NG HO\u00c0N THI\u1ec6N T\u1ea4M \u1ed0P NH\u00d4M D\u1ef0 \u00c1N CELESTA RISE<\/strong><\/cite><\/blockquote><\/figure>\n\n\n\n<figure class=\"wp-block-gallery has-nested-images columns-default is-cropped wp-block-gallery-5 is-layout-flex wp-block-gallery-is-layout-flex\">\n<figure class=\"wp-block-image size-large\"><img loading=\"lazy\" decoding=\"async\" width=\"1024\" height=\"768\" data-id=\"466\" src=\"https:\/\/quangcaotaiphuckien.com\/wp-content\/uploads\/2025\/06\/z5853260853684_3f0f3626d91abf242afa59301a9c6dcc-1024x768.jpg\" alt=\"\" class=\"wp-image-466\" srcset=\"https:\/\/quangcaotaiphuckien.com\/wp-content\/uploads\/2025\/06\/z5853260853684_3f0f3626d91abf242afa59301a9c6dcc-1024x768.jpg 1024w, https:\/\/quangcaotaiphuckien.com\/wp-content\/uploads\/2025\/06\/z5853260853684_3f0f3626d91abf242afa59301a9c6dcc-300x225.jpg 300w, https:\/\/quangcaotaiphuckien.com\/wp-content\/uploads\/2025\/06\/z5853260853684_3f0f3626d91abf242afa59301a9c6dcc-768x576.jpg 768w, https:\/\/quangcaotaiphuckien.com\/wp-content\/uploads\/2025\/06\/z5853260853684_3f0f3626d91abf242afa59301a9c6dcc-1536x1152.jpg 1536w, https:\/\/quangcaotaiphuckien.com\/wp-content\/uploads\/2025\/06\/z5853260853684_3f0f3626d91abf242afa59301a9c6dcc-2048x1536.jpg 2048w\" sizes=\"(max-width: 1024px) 100vw, 1024px\" \/><\/figure>\n\n\n\n<figure class=\"wp-block-image size-large\"><img loading=\"lazy\" decoding=\"async\" width=\"1024\" height=\"768\" data-id=\"467\" src=\"https:\/\/quangcaotaiphuckien.com\/wp-content\/uploads\/2025\/06\/z5853260876831_213ac54ac221411c8988fbc5802612fd-1024x768.jpg\" alt=\"\" class=\"wp-image-467\" srcset=\"https:\/\/quangcaotaiphuckien.com\/wp-content\/uploads\/2025\/06\/z5853260876831_213ac54ac221411c8988fbc5802612fd-1024x768.jpg 1024w, https:\/\/quangcaotaiphuckien.com\/wp-content\/uploads\/2025\/06\/z5853260876831_213ac54ac221411c8988fbc5802612fd-300x225.jpg 300w, https:\/\/quangcaotaiphuckien.com\/wp-content\/uploads\/2025\/06\/z5853260876831_213ac54ac221411c8988fbc5802612fd-768x576.jpg 768w, https:\/\/quangcaotaiphuckien.com\/wp-content\/uploads\/2025\/06\/z5853260876831_213ac54ac221411c8988fbc5802612fd-1536x1152.jpg 1536w, https:\/\/quangcaotaiphuckien.com\/wp-content\/uploads\/2025\/06\/z5853260876831_213ac54ac221411c8988fbc5802612fd-2048x1536.jpg 2048w\" sizes=\"(max-width: 1024px) 100vw, 1024px\" \/><\/figure>\n\n\n\n<figure class=\"wp-block-image size-large\"><img loading=\"lazy\" decoding=\"async\" width=\"1024\" height=\"768\" data-id=\"468\" src=\"https:\/\/quangcaotaiphuckien.com\/wp-content\/uploads\/2025\/06\/z5853260878924_2a108f5a97460d95dc92f5effa90cead-1024x768.jpg\" alt=\"\" class=\"wp-image-468\" srcset=\"https:\/\/quangcaotaiphuckien.com\/wp-content\/uploads\/2025\/06\/z5853260878924_2a108f5a97460d95dc92f5effa90cead-1024x768.jpg 1024w, https:\/\/quangcaotaiphuckien.com\/wp-content\/uploads\/2025\/06\/z5853260878924_2a108f5a97460d95dc92f5effa90cead-300x225.jpg 300w, https:\/\/quangcaotaiphuckien.com\/wp-content\/uploads\/2025\/06\/z5853260878924_2a108f5a97460d95dc92f5effa90cead-768x576.jpg 768w, https:\/\/quangcaotaiphuckien.com\/wp-content\/uploads\/2025\/06\/z5853260878924_2a108f5a97460d95dc92f5effa90cead-1536x1152.jpg 1536w, https:\/\/quangcaotaiphuckien.com\/wp-content\/uploads\/2025\/06\/z5853260878924_2a108f5a97460d95dc92f5effa90cead-2048x1536.jpg 2048w\" sizes=\"(max-width: 1024px) 100vw, 1024px\" \/><\/figure>\n\n\n\n<figure class=\"wp-block-image size-large\"><img loading=\"lazy\" decoding=\"async\" width=\"768\" height=\"1024\" data-id=\"469\" src=\"https:\/\/quangcaotaiphuckien.com\/wp-content\/uploads\/2025\/06\/z5853260905772_af87b71939a904727b27cedaf4c051a3-768x1024.jpg\" alt=\"\" class=\"wp-image-469\" srcset=\"https:\/\/quangcaotaiphuckien.com\/wp-content\/uploads\/2025\/06\/z5853260905772_af87b71939a904727b27cedaf4c051a3-768x1024.jpg 768w, https:\/\/quangcaotaiphuckien.com\/wp-content\/uploads\/2025\/06\/z5853260905772_af87b71939a904727b27cedaf4c051a3-225x300.jpg 225w, https:\/\/quangcaotaiphuckien.com\/wp-content\/uploads\/2025\/06\/z5853260905772_af87b71939a904727b27cedaf4c051a3-1152x1536.jpg 1152w, https:\/\/quangcaotaiphuckien.com\/wp-content\/uploads\/2025\/06\/z5853260905772_af87b71939a904727b27cedaf4c051a3-1536x2048.jpg 1536w, https:\/\/quangcaotaiphuckien.com\/wp-content\/uploads\/2025\/06\/z5853260905772_af87b71939a904727b27cedaf4c051a3.jpg 1920w\" sizes=\"(max-width: 768px) 100vw, 768px\" \/><\/figure>\n\n\n\n<figure class=\"wp-block-image size-large\"><img loading=\"lazy\" decoding=\"async\" width=\"1024\" height=\"768\" data-id=\"470\" src=\"https:\/\/quangcaotaiphuckien.com\/wp-content\/uploads\/2025\/06\/z5853260937164_d0ff9a9bf9ecc0354d36e103fb9a6e25-1024x768.jpg\" alt=\"\" class=\"wp-image-470\" srcset=\"https:\/\/quangcaotaiphuckien.com\/wp-content\/uploads\/2025\/06\/z5853260937164_d0ff9a9bf9ecc0354d36e103fb9a6e25-1024x768.jpg 1024w, https:\/\/quangcaotaiphuckien.com\/wp-content\/uploads\/2025\/06\/z5853260937164_d0ff9a9bf9ecc0354d36e103fb9a6e25-300x225.jpg 300w, https:\/\/quangcaotaiphuckien.com\/wp-content\/uploads\/2025\/06\/z5853260937164_d0ff9a9bf9ecc0354d36e103fb9a6e25-768x576.jpg 768w, https:\/\/quangcaotaiphuckien.com\/wp-content\/uploads\/2025\/06\/z5853260937164_d0ff9a9bf9ecc0354d36e103fb9a6e25-1536x1152.jpg 1536w, https:\/\/quangcaotaiphuckien.com\/wp-content\/uploads\/2025\/06\/z5853260937164_d0ff9a9bf9ecc0354d36e103fb9a6e25-2048x1536.jpg 2048w\" sizes=\"(max-width: 1024px) 100vw, 1024px\" \/><\/figure>\n<\/figure>\n\n\n\n<h3 class=\"wp-block-heading\"><strong>C\u00d4NG TY TNHH T\u00c0I PH\u00daC KI\u1ebeN<\/strong><\/h3>\n\n\n\n<p><strong>CUNG C\u1ea4P GI\u1ea2I PH\u00c1P V\u1ec0 TR\u1ea6N NH\u00d4M, LAM NH\u00d4M, NH\u00d4M FACADE<\/strong><\/p>\n\n\n\n<p><strong>C\u00d4NG TY TNHH TM DV T\u00c0I PH\u00daC KI\u1ebeN<br>Hotline:&nbsp;<a href=\"tel:0981599011\">0908.779.088<\/a><br>V\u0103n ph\u00f2ng \u0111\u1ea1i di\u1ec7n:&nbsp;<\/strong>76 \u0110\u01b0\u1eddng S\u1ed1 6, P. Linh T\u00e2y, TP Th\u1ee7 \u0110\u1ee9c, HCM<strong><br>NMSX:&nbsp;<\/strong>76 \u0110\u01b0\u1eddng S\u1ed1 6, P. Linh T\u00e2y, TP Th\u1ee7 \u0110\u1ee9c, HCM<strong><br>Email:&nbsp;<\/strong>taiphuckien@gmail.com \u2013&nbsp;<strong>Website:<\/strong>&nbsp;<a href=\"https:\/\/quangcaotaiphuckien.com\/\">https:\/\/quangcaotaiphuckien.com\/<\/a><\/p>\n\n\n<ul class=\"wp-block-latest-posts__list wp-block-latest-posts\"><li><a class=\"wp-block-latest-posts__post-title\" href=\"https:\/\/quangcaotaiphuckien.com\/index.php\/2025\/06\/03\/thi-cong-lam-nhom-chan-nang-louver-lam-nhom-hop\/\">Top 50 m\u1eabu bi\u1ec3n hi\u1ec7u \u0111\u1eb9p cho n\u0103m 2025 &#8211; 2026<\/a><\/li>\n<li><a class=\"wp-block-latest-posts__post-title\" href=\"https:\/\/quangcaotaiphuckien.com\/index.php\/2024\/02\/21\/bao-gia-tran-nhom-moi-nhat-2025\/\">B\u00e1o gi\u00e1 thi c\u00f4ng c\u00e1c lo\u1ea1i bi\u1ec3n qu\u1ea3ng c\u00e1o 2025<\/a><\/li>\n<li><a class=\"wp-block-latest-posts__post-title\" href=\"https:\/\/quangcaotaiphuckien.com\/index.php\/2024\/02\/21\/bao-gia-thi-cong-op-alu\/\">B\u00e1o gi\u00e1 thi c\u00f4ng \u1ed1p aluminium &#8211; c\u00e1c lo\u1ea1i m\u1eb7t d\u1ef1ng alu<\/a><\/li>\n<li><a class=\"wp-block-latest-posts__post-title\" href=\"https:\/\/quangcaotaiphuckien.com\/index.php\/2024\/02\/21\/bao-gia-tam-op-nhom-mat-dung-nhom\/\">B\u00e1o Gi\u00e1 Thi C\u00f4ng Bi\u1ec3n Qu\u1ea3ng C\u00e1o Tr\u1ecdn G\u00f3i T\u1ea1i QC T\u00c0I PH\u00daC KI\u1ebeN<\/a><\/li>\n<\/ul>","protected":false},"excerpt":{"rendered":"<p>ILA VIET NAM M\u1eb6T D\u1ef0NG CNC TRUNG T\u00c2M ANH NG\u1eee ILA HO\u00c0 B\u00ccNH OFFICE LAM CH\u1eaeN N\u1eaeNG AMERICAN LEARNING LAB HCM M\u1eb6T D\u1ef0NG QU\u1ea2NG C\u00c1O TRUNG T\u00c2M AMERICAN LAB HCM T\u1ea4M \u1ed0P NH\u00d4M 2LY C\u1ea6U N\u1ed0I CELESTA RISE THI C\u00d4NG HO\u00c0N THI\u1ec6N T\u1ea4M \u1ed0P NH\u00d4M D\u1ef0 \u00c1N CELESTA RISE C\u00d4NG TY TNHH T\u00c0I PH\u00daC KI\u1ebeN [&hellip;]<\/p>\n","protected":false},"author":1,"featured_media":0,"parent":0,"menu_order":0,"comment_status":"closed","ping_status":"closed","template":"","meta":{"footnotes":""},"class_list":["post-34","page","type-page","status-publish","hentry"],"_links":{"self":[{"href":"https:\/\/quangcaotaiphuckien.com\/index.php\/wp-json\/wp\/v2\/pages\/34","targetHints":{"allow":["GET"]}}],"collection":[{"href":"https:\/\/quangcaotaiphuckien.com\/index.php\/wp-json\/wp\/v2\/pages"}],"about":[{"href":"https:\/\/quangcaotaiphuckien.com\/index.php\/wp-json\/wp\/v2\/types\/page"}],"author":[{"embeddable":true,"href":"https:\/\/quangcaotaiphuckien.com\/index.php\/wp-json\/wp\/v2\/users\/1"}],"replies":[{"embeddable":true,"href":"https:\/\/quangcaotaiphuckien.com\/index.php\/wp-json\/wp\/v2\/comments?post=34"}],"version-history":[{"count":15,"href":"https:\/\/quangcaotaiphuckien.com\/index.php\/wp-json\/wp\/v2\/pages\/34\/revisions"}],"predecessor-version":[{"id":660,"href":"https:\/\/quangcaotaiphuckien.com\/index.php\/wp-json\/wp\/v2\/pages\/34\/revisions\/660"}],"wp:attachment":[{"href":"https:\/\/quangcaotaiphuckien.com\/index.php\/wp-json\/wp\/v2\/media?parent=34"}],"curies":[{"name":"wp","href":"https:\/\/api.w.org\/{rel}","templated":true}]}}