{"id":36,"date":"2024-02-21T10:31:19","date_gmt":"2024-02-21T10:31:19","guid":{"rendered":"https:\/\/taiphuckien.com.vn\/?page_id=36"},"modified":"2025-07-05T03:37:13","modified_gmt":"2025-07-05T03:37:13","slug":"lien-he","status":"publish","type":"page","link":"https:\/\/quangcaotaiphuckien.com\/index.php\/lien-he\/","title":{"rendered":"V\u1ec1 Ch\u00fang T\u00f4i"},"content":{"rendered":"\n<figure class=\"wp-block-image size-large\"><img fetchpriority=\"high\" decoding=\"async\" width=\"1024\" height=\"550\" src=\"https:\/\/quangcaotaiphuckien.com\/wp-content\/uploads\/2025\/07\/Untitled-2-1024x550.jpg\" alt=\"\" class=\"wp-image-652\" srcset=\"https:\/\/quangcaotaiphuckien.com\/wp-content\/uploads\/2025\/07\/Untitled-2-1024x550.jpg 1024w, https:\/\/quangcaotaiphuckien.com\/wp-content\/uploads\/2025\/07\/Untitled-2-300x161.jpg 300w, https:\/\/quangcaotaiphuckien.com\/wp-content\/uploads\/2025\/07\/Untitled-2-768x413.jpg 768w, https:\/\/quangcaotaiphuckien.com\/wp-content\/uploads\/2025\/07\/Untitled-2.jpg 1401w\" sizes=\"(max-width: 1024px) 100vw, 1024px\" \/><\/figure>\n\n\n\n<h3 class=\"wp-block-heading\">C\u00f4ng ty TNHH TM DV Qu\u1ea3ng C\u00e1o T\u00e0i Ph\u00fac Ki\u1ebfn th\u00e0nh l\u1eadp n\u0103m 2013, Ti\u1ec1n th\u00e2n l\u00e0 x\u01b0\u1edfng s\u1ea3n xu\u1ea5t qu\u1ea3ng c\u00e1o c\u01a1 kh\u00ed mi\u1ec1n nam. Quy m\u00f4 x\u01b0\u1edfng s\u1ea3n xu\u1ea5t r\u1ed9ng 500m2, v\u1edbi \u0111\u1ea7y \u0111\u1ee7 trang thi\u1ebft b\u1ecb m\u00e1y m\u00f3c ng\u00e0nh qu\u1ea3ng c\u00e1o v\u00e0 in \u1ea5n, c\u00f9ng \u0111\u1ed9i ng\u0169 nh\u00e2n vi\u00ean thi\u1ebft k\u1ebf v\u00e0 thi c\u00f4ng nhi\u1ec1u n\u0103m kinh nghi\u1ec7m,  ch\u00fang t\u00f4i s\u1ebd \u0111\u1ed3ng h\u00e0nh c\u00f9ng qu\u00fd kh\u00e1ch h\u00e0ng t\u1ea1i c\u00e1c d\u1ef1 \u00e1n l\u1edbn nh\u1ecf tr\u00ean to\u00e0n qu\u1ed1c. <\/h3>\n\n\n\n<figure class=\"wp-block-gallery has-nested-images columns-default is-cropped wp-block-gallery-1 is-layout-flex wp-block-gallery-is-layout-flex\">\n<figure class=\"wp-block-image size-large is-style-default\"><img decoding=\"async\" width=\"1024\" height=\"768\" data-id=\"646\" src=\"https:\/\/quangcaotaiphuckien.com\/wp-content\/uploads\/2025\/07\/unnamed-1-1024x768.jpg\" alt=\"\" class=\"wp-image-646\" srcset=\"https:\/\/quangcaotaiphuckien.com\/wp-content\/uploads\/2025\/07\/unnamed-1-1024x768.jpg 1024w, https:\/\/quangcaotaiphuckien.com\/wp-content\/uploads\/2025\/07\/unnamed-1-300x225.jpg 300w, https:\/\/quangcaotaiphuckien.com\/wp-content\/uploads\/2025\/07\/unnamed-1-768x576.jpg 768w, https:\/\/quangcaotaiphuckien.com\/wp-content\/uploads\/2025\/07\/unnamed-1-1536x1152.jpg 1536w, https:\/\/quangcaotaiphuckien.com\/wp-content\/uploads\/2025\/07\/unnamed-1.jpg 1600w\" sizes=\"(max-width: 1024px) 100vw, 1024px\" \/><\/figure>\n\n\n\n<figure class=\"wp-block-image size-large\"><img decoding=\"async\" width=\"1024\" height=\"768\" data-id=\"645\" src=\"https:\/\/quangcaotaiphuckien.com\/wp-content\/uploads\/2025\/07\/unnamed-1024x768.jpg\" alt=\"\" class=\"wp-image-645\" srcset=\"https:\/\/quangcaotaiphuckien.com\/wp-content\/uploads\/2025\/07\/unnamed-1024x768.jpg 1024w, https:\/\/quangcaotaiphuckien.com\/wp-content\/uploads\/2025\/07\/unnamed-300x225.jpg 300w, https:\/\/quangcaotaiphuckien.com\/wp-content\/uploads\/2025\/07\/unnamed-768x576.jpg 768w, https:\/\/quangcaotaiphuckien.com\/wp-content\/uploads\/2025\/07\/unnamed-1536x1152.jpg 1536w, https:\/\/quangcaotaiphuckien.com\/wp-content\/uploads\/2025\/07\/unnamed.jpg 1600w\" sizes=\"(max-width: 1024px) 100vw, 1024px\" \/><\/figure>\n<\/figure>\n\n\n\n<h2 class=\"wp-block-heading\">Hotline: 0908 779 088<\/h2>\n\n\n\n<ul class=\"wp-block-list\">\n<li>C\u00d4NG TY TNHH TM DV QU\u1ea2NG C\u00c1O T\u00c0I PH\u00daC KI\u1ebeN<\/li>\n\n\n\n<li><a href=\"https:\/\/taiphuckien.com\/lienhe\/#\">taiphuckienadv@gmail.com<\/a><\/li>\n\n\n\n<li>VP: 76 \u0111\u01b0\u1eddng s\u00f4 6, p. linh T\u00e2y, Tp. Th\u1ee7 \u0110\u1ee9c, TP.HCM (<a href=\"https:\/\/taiphuckien.com\/lienhe\/#\">View map<\/a>)<\/li>\n<\/ul>\n","protected":false},"excerpt":{"rendered":"<p>C\u00f4ng ty TNHH TM DV Qu\u1ea3ng C\u00e1o T\u00e0i Ph\u00fac Ki\u1ebfn th\u00e0nh l\u1eadp n\u0103m 2013, Ti\u1ec1n th\u00e2n l\u00e0 x\u01b0\u1edfng s\u1ea3n xu\u1ea5t qu\u1ea3ng c\u00e1o c\u01a1 kh\u00ed mi\u1ec1n nam. Quy m\u00f4 x\u01b0\u1edfng s\u1ea3n xu\u1ea5t r\u1ed9ng 500m2, v\u1edbi \u0111\u1ea7y \u0111\u1ee7 trang thi\u1ebft b\u1ecb m\u00e1y m\u00f3c ng\u00e0nh qu\u1ea3ng c\u00e1o v\u00e0 in \u1ea5n, c\u00f9ng \u0111\u1ed9i ng\u0169 nh\u00e2n vi\u00ean thi\u1ebft k\u1ebf v\u00e0 [&hellip;]<\/p>\n","protected":false},"author":1,"featured_media":652,"parent":0,"menu_order":0,"comment_status":"closed","ping_status":"closed","template":"","meta":{"footnotes":""},"class_list":["post-36","page","type-page","status-publish","has-post-thumbnail","hentry"],"_links":{"self":[{"href":"https:\/\/quangcaotaiphuckien.com\/index.php\/wp-json\/wp\/v2\/pages\/36","targetHints":{"allow":["GET"]}}],"collection":[{"href":"https:\/\/quangcaotaiphuckien.com\/index.php\/wp-json\/wp\/v2\/pages"}],"about":[{"href":"https:\/\/quangcaotaiphuckien.com\/index.php\/wp-json\/wp\/v2\/types\/page"}],"author":[{"embeddable":true,"href":"https:\/\/quangcaotaiphuckien.com\/index.php\/wp-json\/wp\/v2\/users\/1"}],"replies":[{"embeddable":true,"href":"https:\/\/quangcaotaiphuckien.com\/index.php\/wp-json\/wp\/v2\/comments?post=36"}],"version-history":[{"count":6,"href":"https:\/\/quangcaotaiphuckien.com\/index.php\/wp-json\/wp\/v2\/pages\/36\/revisions"}],"predecessor-version":[{"id":653,"href":"https:\/\/quangcaotaiphuckien.com\/index.php\/wp-json\/wp\/v2\/pages\/36\/revisions\/653"}],"wp:featuredmedia":[{"embeddable":true,"href":"https:\/\/quangcaotaiphuckien.com\/index.php\/wp-json\/wp\/v2\/media\/652"}],"wp:attachment":[{"href":"https:\/\/quangcaotaiphuckien.com\/index.php\/wp-json\/wp\/v2\/media?parent=36"}],"curies":[{"name":"wp","href":"https:\/\/api.w.org\/{rel}","templated":true}]}}